{"id":72,"date":"2017-05-08T23:05:29","date_gmt":"2017-05-08T21:05:29","guid":{"rendered":"http:\/\/ocdoc.nl\/henktest\/?page_id=72"},"modified":"2026-01-13T12:21:09","modified_gmt":"2026-01-13T11:21:09","slug":"dirigent","status":"publish","type":"page","link":"https:\/\/henk-hetnieuwekoor.nl\/?page_id=72","title":{"rendered":"Dirigent"},"content":{"rendered":"\n<h2 class=\"wp-block-heading\">Dirigent: Nathan Groot Nibbelink<\/h2>\n\n\n<div class=\"wp-block-image\">\n<figure class=\"aligncenter size-large is-resized\"><img loading=\"lazy\" decoding=\"async\" width=\"768\" height=\"1024\" src=\"https:\/\/henk-hetnieuwekoor.nl\/wp-content\/uploads\/2025\/12\/IMG_8642-768x1024.jpg\" alt=\"\" class=\"wp-image-3821\" style=\"width:576px;height:auto\" srcset=\"https:\/\/henk-hetnieuwekoor.nl\/wp-content\/uploads\/2025\/12\/IMG_8642-768x1024.jpg 768w, https:\/\/henk-hetnieuwekoor.nl\/wp-content\/uploads\/2025\/12\/IMG_8642-225x300.jpg 225w, https:\/\/henk-hetnieuwekoor.nl\/wp-content\/uploads\/2025\/12\/IMG_8642-1152x1536.jpg 1152w, https:\/\/henk-hetnieuwekoor.nl\/wp-content\/uploads\/2025\/12\/IMG_8642-1536x2048.jpg 1536w, https:\/\/henk-hetnieuwekoor.nl\/wp-content\/uploads\/2025\/12\/IMG_8642-418x557.jpg 418w, https:\/\/henk-hetnieuwekoor.nl\/wp-content\/uploads\/2025\/12\/IMG_8642-141x188.jpg 141w, https:\/\/henk-hetnieuwekoor.nl\/wp-content\/uploads\/2025\/12\/IMG_8642-scaled.jpg 1920w\" sizes=\"auto, (max-width: 768px) 100vw, 768px\" \/><\/figure><\/div>\n\n\n<p><\/p>\n\n\n\n<p><strong>Nathan Groot Nibbelink<\/strong> (2004) studeert sinds 2023 hoofdvak Koordirectie aan het Koninklijk Conservatorium in Den Haag, waar hij door zijn docenten L\u00e1szl\u00f3 N\u00e9mes en Krista Audere wordt begeleid om zijn passie voor muziek op professionele wijze tot uiting te kunnen brengen. Nathan ontdekte de koorzang al vanaf zijn zevende in het Haags Matrozenkoor. Ge\u00efnspireerd door de concerten, reizen, operaprojecten en uiteindelijk een masterclass koordirectie wist hij wat hij later wilde worden: een dirigent. Na 6 jaar pianoles bij Yvet van der Tuin, en zangles bij David van Lith stroomde Nathan door naar het conservatorium. Intussen past hij alle kennis die hij op het conservatorium mee krijgt toe op zijn eigen koren. Hij is dirigent bij Het Nieuwe Koor uit Rotterdam. Tevens is hij vaste dirigent bij het kamerkoor Vocapella en bij de Cantorij uit Zoetermeer. Hij vindt het een eer om met koor HeNK te mogen werken, en om het koor naar dit concert toe te mogen begeleiden. <strong>Klik op onderstaande link voor de video waarin Nathan meer vertelt over zijn passie voor muziek en het dirigeren<\/strong>. <a href=\"https:\/\/player.vimeo.com\/video\/1149494712?badge=0&amp;autopause=0&amp;player_id=0&amp;app_id=58479\">https:\/\/player.vimeo.com\/video\/1149494712?badge=0&amp;autopause=0&amp;player_id=0&amp;app_id=58479<\/a><\/p>\n\n\n\n<p><\/p>\n\n\n\n<div class=\"wp-block-group is-vertical is-layout-flex wp-container-core-group-is-layout-1 wp-block-group-is-layout-flex\">\n<h2 class=\"wp-block-heading has-medium-font-size\" style=\"font-style:normal;font-weight:700;text-transform:none\">Zing mee!<\/h2>\n\n\n\n<p>Houd je van zingen, klassieke muziek en inspirerende en gezellige repetitieavonden in een sociaal koor, dat muzikaal en organisatorisch vorm wordt gegeven door de leden en hun dirigent? Zing dan mee op dinsdagavond in de Feisserkapel achter het CS. Klik <a href=\"https:\/\/henk-hetnieuwekoor.nl\/?page_id=78\">hier<\/a> voor informatie en aanmelden.<\/p>\n<\/div>\n\n\n\n<p><\/p>\n","protected":false},"excerpt":{"rendered":"<p>Dirigent: Nathan Groot Nibbelink Nathan Groot Nibbelink (2004) studeert sinds 2023 hoofdvak Koordirectie aan het Koninklijk Conservatorium in Den Haag, waar hij door zijn docenten L\u00e1szl\u00f3 N\u00e9mes en Krista Audere wordt begeleid om zijn passie voor muziek op professionele wijze tot uiting te kunnen brengen. Nathan ontdekte de koorzang al vanaf zijn zevende in het &hellip;<\/p>\n","protected":false},"author":1,"featured_media":3647,"parent":0,"menu_order":0,"comment_status":"closed","ping_status":"closed","template":"","meta":{"footnotes":""},"class_list":["post-72","page","type-page","status-publish","has-post-thumbnail","hentry","has-thumb"],"yoast_head":"<!-- This site is optimized with the Yoast SEO plugin v26.8 - https:\/\/yoast.com\/product\/yoast-seo-wordpress\/ -->\n<title>Dirigent - heNK, het Nieuwe Koor<\/title>\n<meta name=\"robots\" content=\"index, follow, max-snippet:-1, max-image-preview:large, max-video-preview:-1\" \/>\n<link rel=\"canonical\" href=\"https:\/\/henk-hetnieuwekoor.nl\/?page_id=72\" class=\"yoast-seo-meta-tag\" \/>\n<meta property=\"og:locale\" content=\"nl_NL\" class=\"yoast-seo-meta-tag\" \/>\n<meta property=\"og:type\" content=\"article\" class=\"yoast-seo-meta-tag\" \/>\n<meta property=\"og:title\" content=\"Dirigent - heNK, het Nieuwe Koor\" class=\"yoast-seo-meta-tag\" \/>\n<meta property=\"og:description\" content=\"Dirigent: Nathan Groot Nibbelink Nathan Groot Nibbelink (2004) studeert sinds 2023 hoofdvak Koordirectie aan het Koninklijk Conservatorium in Den Haag, waar hij door zijn docenten L\u00e1szl\u00f3 N\u00e9mes en Krista Audere wordt begeleid om zijn passie voor muziek op professionele wijze tot uiting te kunnen brengen. Nathan ontdekte de koorzang al vanaf zijn zevende in het &hellip;\" class=\"yoast-seo-meta-tag\" \/>\n<meta property=\"og:url\" content=\"https:\/\/henk-hetnieuwekoor.nl\/?page_id=72\" class=\"yoast-seo-meta-tag\" \/>\n<meta property=\"og:site_name\" content=\"heNK, het Nieuwe Koor\" class=\"yoast-seo-meta-tag\" \/>\n<meta property=\"article:publisher\" content=\"https:\/\/www.facebook.com\/hetnieuwekoor\" class=\"yoast-seo-meta-tag\" \/>\n<meta property=\"article:modified_time\" content=\"2026-01-13T11:21:09+00:00\" class=\"yoast-seo-meta-tag\" \/>\n<meta property=\"og:image\" content=\"https:\/\/henk-hetnieuwekoor.nl\/wp-content\/uploads\/2025\/10\/Nathan.jpg\" class=\"yoast-seo-meta-tag\" \/>\n\t<meta property=\"og:image:width\" content=\"852\" class=\"yoast-seo-meta-tag\" \/>\n\t<meta property=\"og:image:height\" content=\"1279\" class=\"yoast-seo-meta-tag\" \/>\n\t<meta property=\"og:image:type\" content=\"image\/jpeg\" class=\"yoast-seo-meta-tag\" \/>\n<meta name=\"twitter:card\" content=\"summary_large_image\" class=\"yoast-seo-meta-tag\" \/>\n<meta name=\"twitter:label1\" content=\"Geschatte leestijd\" class=\"yoast-seo-meta-tag\" \/>\n\t<meta name=\"twitter:data1\" content=\"2 minuten\" class=\"yoast-seo-meta-tag\" \/>\n<script type=\"application\/ld+json\" class=\"yoast-schema-graph\">{\"@context\":\"https:\/\/schema.org\",\"@graph\":[{\"@type\":\"WebPage\",\"@id\":\"https:\/\/henk-hetnieuwekoor.nl\/?page_id=72\",\"url\":\"https:\/\/henk-hetnieuwekoor.nl\/?page_id=72\",\"name\":\"Dirigent - heNK, het Nieuwe Koor\",\"isPartOf\":{\"@id\":\"https:\/\/henk-hetnieuwekoor.nl\/#website\"},\"primaryImageOfPage\":{\"@id\":\"https:\/\/henk-hetnieuwekoor.nl\/?page_id=72#primaryimage\"},\"image\":{\"@id\":\"https:\/\/henk-hetnieuwekoor.nl\/?page_id=72#primaryimage\"},\"thumbnailUrl\":\"https:\/\/henk-hetnieuwekoor.nl\/wp-content\/uploads\/2025\/10\/Nathan.jpg\",\"datePublished\":\"2017-05-08T21:05:29+00:00\",\"dateModified\":\"2026-01-13T11:21:09+00:00\",\"breadcrumb\":{\"@id\":\"https:\/\/henk-hetnieuwekoor.nl\/?page_id=72#breadcrumb\"},\"inLanguage\":\"nl-NL\",\"potentialAction\":[{\"@type\":\"ReadAction\",\"target\":[\"https:\/\/henk-hetnieuwekoor.nl\/?page_id=72\"]}]},{\"@type\":\"ImageObject\",\"inLanguage\":\"nl-NL\",\"@id\":\"https:\/\/henk-hetnieuwekoor.nl\/?page_id=72#primaryimage\",\"url\":\"https:\/\/henk-hetnieuwekoor.nl\/wp-content\/uploads\/2025\/10\/Nathan.jpg\",\"contentUrl\":\"https:\/\/henk-hetnieuwekoor.nl\/wp-content\/uploads\/2025\/10\/Nathan.jpg\",\"width\":852,\"height\":1279},{\"@type\":\"BreadcrumbList\",\"@id\":\"https:\/\/henk-hetnieuwekoor.nl\/?page_id=72#breadcrumb\",\"itemListElement\":[{\"@type\":\"ListItem\",\"position\":1,\"name\":\"Home\",\"item\":\"https:\/\/henk-hetnieuwekoor.nl\/\"},{\"@type\":\"ListItem\",\"position\":2,\"name\":\"Dirigent\"}]},{\"@type\":\"WebSite\",\"@id\":\"https:\/\/henk-hetnieuwekoor.nl\/#website\",\"url\":\"https:\/\/henk-hetnieuwekoor.nl\/\",\"name\":\"heNK, het Nieuwe Koor\",\"description\":\"\",\"publisher\":{\"@id\":\"https:\/\/henk-hetnieuwekoor.nl\/#organization\"},\"potentialAction\":[{\"@type\":\"SearchAction\",\"target\":{\"@type\":\"EntryPoint\",\"urlTemplate\":\"https:\/\/henk-hetnieuwekoor.nl\/?s={search_term_string}\"},\"query-input\":{\"@type\":\"PropertyValueSpecification\",\"valueRequired\":true,\"valueName\":\"search_term_string\"}}],\"inLanguage\":\"nl-NL\"},{\"@type\":\"Organization\",\"@id\":\"https:\/\/henk-hetnieuwekoor.nl\/#organization\",\"name\":\"HeNK Het Nieuwe Koor\",\"url\":\"https:\/\/henk-hetnieuwekoor.nl\/\",\"logo\":{\"@type\":\"ImageObject\",\"inLanguage\":\"nl-NL\",\"@id\":\"https:\/\/henk-hetnieuwekoor.nl\/#\/schema\/logo\/image\/\",\"url\":\"https:\/\/henk-hetnieuwekoor.nl\/wp-content\/uploads\/2017\/08\/logotekst.png\",\"contentUrl\":\"https:\/\/henk-hetnieuwekoor.nl\/wp-content\/uploads\/2017\/08\/logotekst.png\",\"width\":506,\"height\":150,\"caption\":\"HeNK Het Nieuwe Koor\"},\"image\":{\"@id\":\"https:\/\/henk-hetnieuwekoor.nl\/#\/schema\/logo\/image\/\"},\"sameAs\":[\"https:\/\/www.facebook.com\/hetnieuwekoor\"]}]}<\/script>\n<!-- \/ Yoast SEO plugin. -->","yoast_head_json":{"title":"Dirigent - heNK, het Nieuwe Koor","robots":{"index":"index","follow":"follow","max-snippet":"max-snippet:-1","max-image-preview":"max-image-preview:large","max-video-preview":"max-video-preview:-1"},"canonical":"https:\/\/henk-hetnieuwekoor.nl\/?page_id=72","og_locale":"nl_NL","og_type":"article","og_title":"Dirigent - heNK, het Nieuwe Koor","og_description":"Dirigent: Nathan Groot Nibbelink Nathan Groot Nibbelink (2004) studeert sinds 2023 hoofdvak Koordirectie aan het Koninklijk Conservatorium in Den Haag, waar hij door zijn docenten L\u00e1szl\u00f3 N\u00e9mes en Krista Audere wordt begeleid om zijn passie voor muziek op professionele wijze tot uiting te kunnen brengen. Nathan ontdekte de koorzang al vanaf zijn zevende in het &hellip;","og_url":"https:\/\/henk-hetnieuwekoor.nl\/?page_id=72","og_site_name":"heNK, het Nieuwe Koor","article_publisher":"https:\/\/www.facebook.com\/hetnieuwekoor","article_modified_time":"2026-01-13T11:21:09+00:00","og_image":[{"width":852,"height":1279,"url":"https:\/\/henk-hetnieuwekoor.nl\/wp-content\/uploads\/2025\/10\/Nathan.jpg","type":"image\/jpeg"}],"twitter_card":"summary_large_image","twitter_misc":{"Geschatte leestijd":"2 minuten"},"schema":{"@context":"https:\/\/schema.org","@graph":[{"@type":"WebPage","@id":"https:\/\/henk-hetnieuwekoor.nl\/?page_id=72","url":"https:\/\/henk-hetnieuwekoor.nl\/?page_id=72","name":"Dirigent - heNK, het Nieuwe Koor","isPartOf":{"@id":"https:\/\/henk-hetnieuwekoor.nl\/#website"},"primaryImageOfPage":{"@id":"https:\/\/henk-hetnieuwekoor.nl\/?page_id=72#primaryimage"},"image":{"@id":"https:\/\/henk-hetnieuwekoor.nl\/?page_id=72#primaryimage"},"thumbnailUrl":"https:\/\/henk-hetnieuwekoor.nl\/wp-content\/uploads\/2025\/10\/Nathan.jpg","datePublished":"2017-05-08T21:05:29+00:00","dateModified":"2026-01-13T11:21:09+00:00","breadcrumb":{"@id":"https:\/\/henk-hetnieuwekoor.nl\/?page_id=72#breadcrumb"},"inLanguage":"nl-NL","potentialAction":[{"@type":"ReadAction","target":["https:\/\/henk-hetnieuwekoor.nl\/?page_id=72"]}]},{"@type":"ImageObject","inLanguage":"nl-NL","@id":"https:\/\/henk-hetnieuwekoor.nl\/?page_id=72#primaryimage","url":"https:\/\/henk-hetnieuwekoor.nl\/wp-content\/uploads\/2025\/10\/Nathan.jpg","contentUrl":"https:\/\/henk-hetnieuwekoor.nl\/wp-content\/uploads\/2025\/10\/Nathan.jpg","width":852,"height":1279},{"@type":"BreadcrumbList","@id":"https:\/\/henk-hetnieuwekoor.nl\/?page_id=72#breadcrumb","itemListElement":[{"@type":"ListItem","position":1,"name":"Home","item":"https:\/\/henk-hetnieuwekoor.nl\/"},{"@type":"ListItem","position":2,"name":"Dirigent"}]},{"@type":"WebSite","@id":"https:\/\/henk-hetnieuwekoor.nl\/#website","url":"https:\/\/henk-hetnieuwekoor.nl\/","name":"heNK, het Nieuwe Koor","description":"","publisher":{"@id":"https:\/\/henk-hetnieuwekoor.nl\/#organization"},"potentialAction":[{"@type":"SearchAction","target":{"@type":"EntryPoint","urlTemplate":"https:\/\/henk-hetnieuwekoor.nl\/?s={search_term_string}"},"query-input":{"@type":"PropertyValueSpecification","valueRequired":true,"valueName":"search_term_string"}}],"inLanguage":"nl-NL"},{"@type":"Organization","@id":"https:\/\/henk-hetnieuwekoor.nl\/#organization","name":"HeNK Het Nieuwe Koor","url":"https:\/\/henk-hetnieuwekoor.nl\/","logo":{"@type":"ImageObject","inLanguage":"nl-NL","@id":"https:\/\/henk-hetnieuwekoor.nl\/#\/schema\/logo\/image\/","url":"https:\/\/henk-hetnieuwekoor.nl\/wp-content\/uploads\/2017\/08\/logotekst.png","contentUrl":"https:\/\/henk-hetnieuwekoor.nl\/wp-content\/uploads\/2017\/08\/logotekst.png","width":506,"height":150,"caption":"HeNK Het Nieuwe Koor"},"image":{"@id":"https:\/\/henk-hetnieuwekoor.nl\/#\/schema\/logo\/image\/"},"sameAs":["https:\/\/www.facebook.com\/hetnieuwekoor"]}]}},"_links":{"self":[{"href":"https:\/\/henk-hetnieuwekoor.nl\/index.php?rest_route=\/wp\/v2\/pages\/72","targetHints":{"allow":["GET"]}}],"collection":[{"href":"https:\/\/henk-hetnieuwekoor.nl\/index.php?rest_route=\/wp\/v2\/pages"}],"about":[{"href":"https:\/\/henk-hetnieuwekoor.nl\/index.php?rest_route=\/wp\/v2\/types\/page"}],"author":[{"embeddable":true,"href":"https:\/\/henk-hetnieuwekoor.nl\/index.php?rest_route=\/wp\/v2\/users\/1"}],"replies":[{"embeddable":true,"href":"https:\/\/henk-hetnieuwekoor.nl\/index.php?rest_route=%2Fwp%2Fv2%2Fcomments&post=72"}],"version-history":[{"count":49,"href":"https:\/\/henk-hetnieuwekoor.nl\/index.php?rest_route=\/wp\/v2\/pages\/72\/revisions"}],"predecessor-version":[{"id":3902,"href":"https:\/\/henk-hetnieuwekoor.nl\/index.php?rest_route=\/wp\/v2\/pages\/72\/revisions\/3902"}],"wp:featuredmedia":[{"embeddable":true,"href":"https:\/\/henk-hetnieuwekoor.nl\/index.php?rest_route=\/wp\/v2\/media\/3647"}],"wp:attachment":[{"href":"https:\/\/henk-hetnieuwekoor.nl\/index.php?rest_route=%2Fwp%2Fv2%2Fmedia&parent=72"}],"curies":[{"name":"wp","href":"https:\/\/api.w.org\/{rel}","templated":true}]}}