{"id":1538,"date":"2018-04-22T14:22:36","date_gmt":"2018-04-22T12:22:36","guid":{"rendered":"http:\/\/henk-hetnieuwekoor.nl\/?page_id=1538"},"modified":"2018-04-23T10:36:41","modified_gmt":"2018-04-23T08:36:41","slug":"videos","status":"publish","type":"page","link":"https:\/\/henk-hetnieuwekoor.nl\/?page_id=1538","title":{"rendered":"Concert 2017"},"content":{"rendered":"<p>Een bloemlezing uit ons jubileumconcert van 11 november 2017.<br \/>\nMet medewerking van <a href=\"http:\/\/debezettingspeelt.nl\/\" target=\"_blank\" rel=\"noopener\">De Bezetting Speelt<\/a>, <a href=\"http:\/\/www.erickoevoets.nl\/biografie.php\" target=\"_blank\" rel=\"noopener\">Eric Koevoets<\/a> en <a href=\"http:\/\/www.jennyhaisma.nl\/\" target=\"_blank\" rel=\"noopener\">Jenny Haisma.<\/a><br \/>\nDe opnamen zijn in eigen beheer gemaakt, en het professionele geluid is verzorgd door Anton Visser.<br \/>\n<div class=\"epyt-gallery\" data-currpage=\"1\" id=\"epyt_gallery_39066\"><div class=\"epyt-video-wrapper\"><iframe loading=\"lazy\"  id=\"_ytid_90939\"  width=\"885\" height=\"498\"  data-origwidth=\"885\" data-origheight=\"498\" src=\"https:\/\/www.youtube.com\/embed\/eO0RICVzalg?enablejsapi=1&origin=https:\/\/henk-hetnieuwekoor.nl&autoplay=0&cc_load_policy=0&cc_lang_pref=&iv_load_policy=3&loop=0&rel=0&fs=1&playsinline=0&autohide=2&hl=nl_NL&theme=dark&color=red&controls=1&disablekb=0&\" class=\"__youtube_prefs__  no-lazyload\" title=\"YouTube player\"  data-epytgalleryid=\"epyt_gallery_39066\"  allow=\"fullscreen; accelerometer; autoplay; clipboard-write; encrypted-media; gyroscope; picture-in-picture; web-share\" referrerpolicy=\"strict-origin-when-cross-origin\" allowfullscreen data-no-lazy=\"1\" data-skipgform_ajax_framebjll=\"\"><\/iframe><\/div><div class=\"epyt-gallery-list\"><div class=\"epyt-pagination \"><div tabindex=\"0\" role=\"button\" class=\"epyt-pagebutton epyt-prev  hide \" data-playlistid=\"PLgJy16Y0EFfa-ae4yzI080aGjtScS-DAk\" data-pagesize=\"15\" data-pagetoken=\"\" data-epcolumns=\"3\" data-showtitle=\"1\" data-showpaging=\"1\" data-autonext=\"0\" data-thumbplay=\"1\"><div class=\"epyt-arrow\">&laquo;<\/div> <div>Prev<\/div><\/div><div class=\"epyt-pagenumbers hide\"><div class=\"epyt-current\">1<\/div><div class=\"epyt-pageseparator\"> \/ <\/div><div class=\"epyt-totalpages\">1<\/div><\/div><div tabindex=\"0\" role=\"button\" class=\"epyt-pagebutton epyt-next hide \" data-playlistid=\"PLgJy16Y0EFfa-ae4yzI080aGjtScS-DAk\" data-pagesize=\"15\" data-pagetoken=\"\" data-epcolumns=\"3\" data-showtitle=\"1\" data-showpaging=\"1\" data-autonext=\"0\" data-thumbplay=\"1\"><div>Next<\/div> <div class=\"epyt-arrow\">&raquo;<\/div><\/div><div class=\"epyt-loader\"><img loading=\"lazy\" decoding=\"async\" alt=\"loading\" width=\"16\" height=\"11\" src=\"https:\/\/henk-hetnieuwekoor.nl\/wp-content\/plugins\/youtube-embed-plus\/images\/gallery-page-loader.gif\"><\/div><\/div><div class=\"epyt-gallery-allthumbs  epyt-cols-3 \"><div tabindex=\"0\" role=\"button\" data-videoid=\"eO0RICVzalg\" class=\"epyt-gallery-thumb\"><div class=\"epyt-gallery-img-box\"><div class=\"epyt-gallery-img\" style=\"background-image: url(https:\/\/i.ytimg.com\/vi\/eO0RICVzalg\/hqdefault.jpg)\"><div class=\"epyt-gallery-playhover\"><img loading=\"lazy\" decoding=\"async\" alt=\"play\" class=\"epyt-play-img\" width=\"30\" height=\"23\" src=\"https:\/\/henk-hetnieuwekoor.nl\/wp-content\/plugins\/youtube-embed-plus\/images\/playhover.png\" data-no-lazy=\"1\" data-skipgform_ajax_framebjll=\"\" \/><div class=\"epyt-gallery-playcrutch\"><\/div><\/div><\/div><\/div><div class=\"epyt-gallery-title\">Joseph Haydn - Kyrie (Kleine Orgelmesse Hob. XXII:7)<\/div><\/div><div tabindex=\"0\" role=\"button\" data-videoid=\"6nIH1AbxXuE\" class=\"epyt-gallery-thumb\"><div class=\"epyt-gallery-img-box\"><div class=\"epyt-gallery-img\" style=\"background-image: url(https:\/\/i.ytimg.com\/vi\/6nIH1AbxXuE\/hqdefault.jpg)\"><div class=\"epyt-gallery-playhover\"><img loading=\"lazy\" decoding=\"async\" alt=\"play\" class=\"epyt-play-img\" width=\"30\" height=\"23\" src=\"https:\/\/henk-hetnieuwekoor.nl\/wp-content\/plugins\/youtube-embed-plus\/images\/playhover.png\" data-no-lazy=\"1\" data-skipgform_ajax_framebjll=\"\" \/><div class=\"epyt-gallery-playcrutch\"><\/div><\/div><\/div><\/div><div class=\"epyt-gallery-title\">Joseph  Haydn - Agnus Dei (Kleine Orgelmesse Hob. XXII:7)<\/div><\/div><div tabindex=\"0\" role=\"button\" data-videoid=\"4BCgCcZTEfQ\" class=\"epyt-gallery-thumb\"><div class=\"epyt-gallery-img-box\"><div class=\"epyt-gallery-img\" style=\"background-image: url(https:\/\/i.ytimg.com\/vi\/4BCgCcZTEfQ\/hqdefault.jpg)\"><div class=\"epyt-gallery-playhover\"><img loading=\"lazy\" decoding=\"async\" alt=\"play\" class=\"epyt-play-img\" width=\"30\" height=\"23\" src=\"https:\/\/henk-hetnieuwekoor.nl\/wp-content\/plugins\/youtube-embed-plus\/images\/playhover.png\" data-no-lazy=\"1\" data-skipgform_ajax_framebjll=\"\" \/><div class=\"epyt-gallery-playcrutch\"><\/div><\/div><\/div><\/div><div class=\"epyt-gallery-title\">Cyrill Sch\u00fcrch - Quel calme nocturne<\/div><\/div><div class=\"epyt-gallery-rowbreak\"><\/div><div tabindex=\"0\" role=\"button\" data-videoid=\"r5Jn18nkpv0\" class=\"epyt-gallery-thumb\"><div class=\"epyt-gallery-img-box\"><div class=\"epyt-gallery-img\" style=\"background-image: url(https:\/\/i.ytimg.com\/vi\/r5Jn18nkpv0\/hqdefault.jpg)\"><div class=\"epyt-gallery-playhover\"><img loading=\"lazy\" decoding=\"async\" alt=\"play\" class=\"epyt-play-img\" width=\"30\" height=\"23\" src=\"https:\/\/henk-hetnieuwekoor.nl\/wp-content\/plugins\/youtube-embed-plus\/images\/playhover.png\" data-no-lazy=\"1\" data-skipgform_ajax_framebjll=\"\" \/><div class=\"epyt-gallery-playcrutch\"><\/div><\/div><\/div><\/div><div class=\"epyt-gallery-title\">Henryk Miko\u0142aj G\u00f3recki  - Polne r\u00f3ze rwala (Szeroka woda)<\/div><\/div><div tabindex=\"0\" role=\"button\" data-videoid=\"GYB4OtDrJ48\" class=\"epyt-gallery-thumb\"><div class=\"epyt-gallery-img-box\"><div class=\"epyt-gallery-img\" style=\"background-image: url(https:\/\/i.ytimg.com\/vi\/GYB4OtDrJ48\/hqdefault.jpg)\"><div class=\"epyt-gallery-playhover\"><img loading=\"lazy\" decoding=\"async\" alt=\"play\" class=\"epyt-play-img\" width=\"30\" height=\"23\" src=\"https:\/\/henk-hetnieuwekoor.nl\/wp-content\/plugins\/youtube-embed-plus\/images\/playhover.png\" data-no-lazy=\"1\" data-skipgform_ajax_framebjll=\"\" \/><div class=\"epyt-gallery-playcrutch\"><\/div><\/div><\/div><\/div><div class=\"epyt-gallery-title\">Henryk Miko\u0142aj G\u00f3recki - Oj, Janie Janie (Szeroka woda)<\/div><\/div><div tabindex=\"0\" role=\"button\" data-videoid=\"pXO19YzAIAE\" class=\"epyt-gallery-thumb\"><div class=\"epyt-gallery-img-box\"><div class=\"epyt-gallery-img\" style=\"background-image: url(https:\/\/i.ytimg.com\/vi\/pXO19YzAIAE\/hqdefault.jpg)\"><div class=\"epyt-gallery-playhover\"><img loading=\"lazy\" decoding=\"async\" alt=\"play\" class=\"epyt-play-img\" width=\"30\" height=\"23\" src=\"https:\/\/henk-hetnieuwekoor.nl\/wp-content\/plugins\/youtube-embed-plus\/images\/playhover.png\" data-no-lazy=\"1\" data-skipgform_ajax_framebjll=\"\" \/><div class=\"epyt-gallery-playcrutch\"><\/div><\/div><\/div><\/div><div class=\"epyt-gallery-title\">Anton\u00edn Dvo\u0159\u00e1k - Wiegenlied<\/div><\/div><div class=\"epyt-gallery-rowbreak\"><\/div><div tabindex=\"0\" role=\"button\" data-videoid=\"PT63DICZc0c\" class=\"epyt-gallery-thumb\"><div class=\"epyt-gallery-img-box\"><div class=\"epyt-gallery-img\" style=\"background-image: url(https:\/\/i.ytimg.com\/vi\/PT63DICZc0c\/hqdefault.jpg)\"><div class=\"epyt-gallery-playhover\"><img loading=\"lazy\" decoding=\"async\" alt=\"play\" class=\"epyt-play-img\" width=\"30\" height=\"23\" src=\"https:\/\/henk-hetnieuwekoor.nl\/wp-content\/plugins\/youtube-embed-plus\/images\/playhover.png\" data-no-lazy=\"1\" data-skipgform_ajax_framebjll=\"\" \/><div class=\"epyt-gallery-playcrutch\"><\/div><\/div><\/div><\/div><div class=\"epyt-gallery-title\">Dmitri Sjostakovitsj - Kaznjonnim<\/div><\/div><div tabindex=\"0\" role=\"button\" data-videoid=\"yIMrmzNKldQ\" class=\"epyt-gallery-thumb\"><div class=\"epyt-gallery-img-box\"><div class=\"epyt-gallery-img\" style=\"background-image: url(https:\/\/i.ytimg.com\/vi\/yIMrmzNKldQ\/hqdefault.jpg)\"><div class=\"epyt-gallery-playhover\"><img loading=\"lazy\" decoding=\"async\" alt=\"play\" class=\"epyt-play-img\" width=\"30\" height=\"23\" src=\"https:\/\/henk-hetnieuwekoor.nl\/wp-content\/plugins\/youtube-embed-plus\/images\/playhover.png\" data-no-lazy=\"1\" data-skipgform_ajax_framebjll=\"\" \/><div class=\"epyt-gallery-playcrutch\"><\/div><\/div><\/div><\/div><div class=\"epyt-gallery-title\">Dmitri Sjostakovitsj - Smolkli<\/div><\/div><div class=\"epyt-gallery-clear\"><\/div><\/div><div class=\"epyt-pagination \"><div tabindex=\"0\" role=\"button\" class=\"epyt-pagebutton epyt-prev  hide \" data-playlistid=\"PLgJy16Y0EFfa-ae4yzI080aGjtScS-DAk\" data-pagesize=\"15\" data-pagetoken=\"\" data-epcolumns=\"3\" data-showtitle=\"1\" data-showpaging=\"1\" data-autonext=\"0\" data-thumbplay=\"1\"><div class=\"epyt-arrow\">&laquo;<\/div> <div>Prev<\/div><\/div><div class=\"epyt-pagenumbers hide\"><div class=\"epyt-current\">1<\/div><div class=\"epyt-pageseparator\"> \/ <\/div><div class=\"epyt-totalpages\">1<\/div><\/div><div tabindex=\"0\" role=\"button\" class=\"epyt-pagebutton epyt-next hide \" data-playlistid=\"PLgJy16Y0EFfa-ae4yzI080aGjtScS-DAk\" data-pagesize=\"15\" data-pagetoken=\"\" data-epcolumns=\"3\" data-showtitle=\"1\" data-showpaging=\"1\" data-autonext=\"0\" data-thumbplay=\"1\"><div>Next<\/div> <div class=\"epyt-arrow\">&raquo;<\/div><\/div><div class=\"epyt-loader\"><img loading=\"lazy\" decoding=\"async\" alt=\"loading\" width=\"16\" height=\"11\" src=\"https:\/\/henk-hetnieuwekoor.nl\/wp-content\/plugins\/youtube-embed-plus\/images\/gallery-page-loader.gif\"><\/div><\/div><\/div><\/div><\/p>\n","protected":false},"excerpt":{"rendered":"<p>Een bloemlezing uit ons jubileumconcert van 11 november 2017. Met medewerking van De Bezetting Speelt, Eric Koevoets en Jenny Haisma. De opnamen zijn in eigen beheer gemaakt, en het professionele geluid is verzorgd door Anton Visser.<\/p>\n","protected":false},"author":1,"featured_media":0,"parent":0,"menu_order":0,"comment_status":"closed","ping_status":"closed","template":"","meta":{"footnotes":""},"class_list":["post-1538","page","type-page","status-publish","hentry","no-thumb"],"yoast_head":"<!-- This site is optimized with the Yoast SEO plugin v26.8 - https:\/\/yoast.com\/product\/yoast-seo-wordpress\/ -->\n<title>Concert 2017 - heNK, het Nieuwe Koor<\/title>\n<meta name=\"robots\" content=\"index, follow, max-snippet:-1, max-image-preview:large, max-video-preview:-1\" \/>\n<link rel=\"canonical\" href=\"https:\/\/henk-hetnieuwekoor.nl\/?page_id=1538\" class=\"yoast-seo-meta-tag\" \/>\n<meta property=\"og:locale\" content=\"nl_NL\" class=\"yoast-seo-meta-tag\" \/>\n<meta property=\"og:type\" content=\"article\" class=\"yoast-seo-meta-tag\" \/>\n<meta property=\"og:title\" content=\"Concert 2017 - heNK, het Nieuwe Koor\" class=\"yoast-seo-meta-tag\" \/>\n<meta property=\"og:description\" content=\"Een bloemlezing uit ons jubileumconcert van 11 november 2017. Met medewerking van De Bezetting Speelt, Eric Koevoets en Jenny Haisma. De opnamen zijn in eigen beheer gemaakt, en het professionele geluid is verzorgd door Anton Visser.\" class=\"yoast-seo-meta-tag\" \/>\n<meta property=\"og:url\" content=\"https:\/\/henk-hetnieuwekoor.nl\/?page_id=1538\" class=\"yoast-seo-meta-tag\" \/>\n<meta property=\"og:site_name\" content=\"heNK, het Nieuwe Koor\" class=\"yoast-seo-meta-tag\" \/>\n<meta property=\"article:publisher\" content=\"https:\/\/www.facebook.com\/hetnieuwekoor\" class=\"yoast-seo-meta-tag\" \/>\n<meta property=\"article:modified_time\" content=\"2018-04-23T08:36:41+00:00\" class=\"yoast-seo-meta-tag\" \/>\n<meta name=\"twitter:card\" content=\"summary_large_image\" class=\"yoast-seo-meta-tag\" \/>\n<script type=\"application\/ld+json\" class=\"yoast-schema-graph\">{\"@context\":\"https:\/\/schema.org\",\"@graph\":[{\"@type\":\"WebPage\",\"@id\":\"https:\/\/henk-hetnieuwekoor.nl\/?page_id=1538\",\"url\":\"https:\/\/henk-hetnieuwekoor.nl\/?page_id=1538\",\"name\":\"Concert 2017 - heNK, het Nieuwe Koor\",\"isPartOf\":{\"@id\":\"https:\/\/henk-hetnieuwekoor.nl\/#website\"},\"datePublished\":\"2018-04-22T12:22:36+00:00\",\"dateModified\":\"2018-04-23T08:36:41+00:00\",\"breadcrumb\":{\"@id\":\"https:\/\/henk-hetnieuwekoor.nl\/?page_id=1538#breadcrumb\"},\"inLanguage\":\"nl-NL\",\"potentialAction\":[{\"@type\":\"ReadAction\",\"target\":[\"https:\/\/henk-hetnieuwekoor.nl\/?page_id=1538\"]}]},{\"@type\":\"BreadcrumbList\",\"@id\":\"https:\/\/henk-hetnieuwekoor.nl\/?page_id=1538#breadcrumb\",\"itemListElement\":[{\"@type\":\"ListItem\",\"position\":1,\"name\":\"Home\",\"item\":\"https:\/\/henk-hetnieuwekoor.nl\/\"},{\"@type\":\"ListItem\",\"position\":2,\"name\":\"Concert 2017\"}]},{\"@type\":\"WebSite\",\"@id\":\"https:\/\/henk-hetnieuwekoor.nl\/#website\",\"url\":\"https:\/\/henk-hetnieuwekoor.nl\/\",\"name\":\"heNK, het Nieuwe Koor\",\"description\":\"\",\"publisher\":{\"@id\":\"https:\/\/henk-hetnieuwekoor.nl\/#organization\"},\"potentialAction\":[{\"@type\":\"SearchAction\",\"target\":{\"@type\":\"EntryPoint\",\"urlTemplate\":\"https:\/\/henk-hetnieuwekoor.nl\/?s={search_term_string}\"},\"query-input\":{\"@type\":\"PropertyValueSpecification\",\"valueRequired\":true,\"valueName\":\"search_term_string\"}}],\"inLanguage\":\"nl-NL\"},{\"@type\":\"Organization\",\"@id\":\"https:\/\/henk-hetnieuwekoor.nl\/#organization\",\"name\":\"HeNK Het Nieuwe Koor\",\"url\":\"https:\/\/henk-hetnieuwekoor.nl\/\",\"logo\":{\"@type\":\"ImageObject\",\"inLanguage\":\"nl-NL\",\"@id\":\"https:\/\/henk-hetnieuwekoor.nl\/#\/schema\/logo\/image\/\",\"url\":\"https:\/\/henk-hetnieuwekoor.nl\/wp-content\/uploads\/2017\/08\/logotekst.png\",\"contentUrl\":\"https:\/\/henk-hetnieuwekoor.nl\/wp-content\/uploads\/2017\/08\/logotekst.png\",\"width\":506,\"height\":150,\"caption\":\"HeNK Het Nieuwe Koor\"},\"image\":{\"@id\":\"https:\/\/henk-hetnieuwekoor.nl\/#\/schema\/logo\/image\/\"},\"sameAs\":[\"https:\/\/www.facebook.com\/hetnieuwekoor\"]}]}<\/script>\n<!-- \/ Yoast SEO plugin. -->","yoast_head_json":{"title":"Concert 2017 - heNK, het Nieuwe Koor","robots":{"index":"index","follow":"follow","max-snippet":"max-snippet:-1","max-image-preview":"max-image-preview:large","max-video-preview":"max-video-preview:-1"},"canonical":"https:\/\/henk-hetnieuwekoor.nl\/?page_id=1538","og_locale":"nl_NL","og_type":"article","og_title":"Concert 2017 - heNK, het Nieuwe Koor","og_description":"Een bloemlezing uit ons jubileumconcert van 11 november 2017. Met medewerking van De Bezetting Speelt, Eric Koevoets en Jenny Haisma. De opnamen zijn in eigen beheer gemaakt, en het professionele geluid is verzorgd door Anton Visser.","og_url":"https:\/\/henk-hetnieuwekoor.nl\/?page_id=1538","og_site_name":"heNK, het Nieuwe Koor","article_publisher":"https:\/\/www.facebook.com\/hetnieuwekoor","article_modified_time":"2018-04-23T08:36:41+00:00","twitter_card":"summary_large_image","schema":{"@context":"https:\/\/schema.org","@graph":[{"@type":"WebPage","@id":"https:\/\/henk-hetnieuwekoor.nl\/?page_id=1538","url":"https:\/\/henk-hetnieuwekoor.nl\/?page_id=1538","name":"Concert 2017 - heNK, het Nieuwe Koor","isPartOf":{"@id":"https:\/\/henk-hetnieuwekoor.nl\/#website"},"datePublished":"2018-04-22T12:22:36+00:00","dateModified":"2018-04-23T08:36:41+00:00","breadcrumb":{"@id":"https:\/\/henk-hetnieuwekoor.nl\/?page_id=1538#breadcrumb"},"inLanguage":"nl-NL","potentialAction":[{"@type":"ReadAction","target":["https:\/\/henk-hetnieuwekoor.nl\/?page_id=1538"]}]},{"@type":"BreadcrumbList","@id":"https:\/\/henk-hetnieuwekoor.nl\/?page_id=1538#breadcrumb","itemListElement":[{"@type":"ListItem","position":1,"name":"Home","item":"https:\/\/henk-hetnieuwekoor.nl\/"},{"@type":"ListItem","position":2,"name":"Concert 2017"}]},{"@type":"WebSite","@id":"https:\/\/henk-hetnieuwekoor.nl\/#website","url":"https:\/\/henk-hetnieuwekoor.nl\/","name":"heNK, het Nieuwe Koor","description":"","publisher":{"@id":"https:\/\/henk-hetnieuwekoor.nl\/#organization"},"potentialAction":[{"@type":"SearchAction","target":{"@type":"EntryPoint","urlTemplate":"https:\/\/henk-hetnieuwekoor.nl\/?s={search_term_string}"},"query-input":{"@type":"PropertyValueSpecification","valueRequired":true,"valueName":"search_term_string"}}],"inLanguage":"nl-NL"},{"@type":"Organization","@id":"https:\/\/henk-hetnieuwekoor.nl\/#organization","name":"HeNK Het Nieuwe Koor","url":"https:\/\/henk-hetnieuwekoor.nl\/","logo":{"@type":"ImageObject","inLanguage":"nl-NL","@id":"https:\/\/henk-hetnieuwekoor.nl\/#\/schema\/logo\/image\/","url":"https:\/\/henk-hetnieuwekoor.nl\/wp-content\/uploads\/2017\/08\/logotekst.png","contentUrl":"https:\/\/henk-hetnieuwekoor.nl\/wp-content\/uploads\/2017\/08\/logotekst.png","width":506,"height":150,"caption":"HeNK Het Nieuwe Koor"},"image":{"@id":"https:\/\/henk-hetnieuwekoor.nl\/#\/schema\/logo\/image\/"},"sameAs":["https:\/\/www.facebook.com\/hetnieuwekoor"]}]}},"_links":{"self":[{"href":"https:\/\/henk-hetnieuwekoor.nl\/index.php?rest_route=\/wp\/v2\/pages\/1538","targetHints":{"allow":["GET"]}}],"collection":[{"href":"https:\/\/henk-hetnieuwekoor.nl\/index.php?rest_route=\/wp\/v2\/pages"}],"about":[{"href":"https:\/\/henk-hetnieuwekoor.nl\/index.php?rest_route=\/wp\/v2\/types\/page"}],"author":[{"embeddable":true,"href":"https:\/\/henk-hetnieuwekoor.nl\/index.php?rest_route=\/wp\/v2\/users\/1"}],"replies":[{"embeddable":true,"href":"https:\/\/henk-hetnieuwekoor.nl\/index.php?rest_route=%2Fwp%2Fv2%2Fcomments&post=1538"}],"version-history":[{"count":14,"href":"https:\/\/henk-hetnieuwekoor.nl\/index.php?rest_route=\/wp\/v2\/pages\/1538\/revisions"}],"predecessor-version":[{"id":1559,"href":"https:\/\/henk-hetnieuwekoor.nl\/index.php?rest_route=\/wp\/v2\/pages\/1538\/revisions\/1559"}],"wp:attachment":[{"href":"https:\/\/henk-hetnieuwekoor.nl\/index.php?rest_route=%2Fwp%2Fv2%2Fmedia&parent=1538"}],"curies":[{"name":"wp","href":"https:\/\/api.w.org\/{rel}","templated":true}]}}